{"id":649,"date":"2019-09-08T13:07:26","date_gmt":"2019-09-08T15:07:26","guid":{"rendered":"http:\/\/oh3myi.keep.ovh\/index.php\/mesmerize\/"},"modified":"2023-12-03T17:23:18","modified_gmt":"2023-12-03T19:23:18","slug":"mesmerize","status":"publish","type":"page","link":"https:\/\/oh3myi.keep.ovh\/","title":{"rendered":"CQ CQ this is OH3MYI"},"content":{"rendered":"\t\t<div data-elementor-type=\"wp-post\" data-elementor-id=\"649\" class=\"elementor elementor-649\">\n\t\t\t\t\t\t\t\t\t<section class=\"elementor-section elementor-top-section elementor-element elementor-element-70e701b2 elementor-section-boxed elementor-section-height-default elementor-section-height-default\" data-id=\"70e701b2\" data-element_type=\"section\">\n\t\t\t\t\t\t<div class=\"elementor-container elementor-column-gap-default\">\n\t\t\t\t\t<div class=\"elementor-column elementor-col-100 elementor-top-column elementor-element elementor-element-7bb233e0\" data-id=\"7bb233e0\" data-element_type=\"column\">\n\t\t\t<div class=\"elementor-widget-wrap elementor-element-populated\">\n\t\t\t\t\t\t\t\t<div class=\"elementor-element elementor-element-5b24246e elementor-widget elementor-widget-text-editor\" data-id=\"5b24246e\" data-element_type=\"widget\" data-widget_type=\"text-editor.default\">\n\t\t\t\t<div class=\"elementor-widget-container\">\n\t\t\t\t\t\t\t<div id=\"features-1\" class=\"features-16-card-bordered-mc content-section content-section-spacing\" style=\"background-color: #ffffff;\" data-label=\"Features\" data-id=\"features-16-card-bordered-mc\" data-export-id=\"features-16-card-bordered-mc\" data-bullets-visibility=\"true\" data-category=\"features\"><div class=\"gridContainer\"><div class=\"row spaced-cols\" data-type=\"row\"><div class=\"col-xs-12 col-sm-6 col-md-4\"><div class=\"card no-padding bordered y-move\"><p><img decoding=\"async\" class=\"face\" title=\"cropped-qrzcq_k2-e1567957768906-2.jpg\" src=\"http:\/\/oh3myi.keep.ovh\/wp-content\/uploads\/2019\/09\/cropped-qrzcq_k2-e1567957768906-2.jpg\" alt=\"\" \/><\/p><div class=\"col-padding-small col-padding-small-xs description-container\" data-type=\"column\"><p style=\"text-align: left;\">Summer vs winter<\/p><p style=\"text-align: left;\">Summers are the best time in Finland. You can enjoy a summer day at the beach, on a boat or moving in nature. On the hottest days, temperatures can rise above +35C degrees in southern Finland. Summer nights are bright, in northern Finland the sun does not set behind the horizon at all. <strong>Activities<\/strong>: In the summer, you can go fishing, swimming, and sauna. You can also move in nature. Working with HAM Radio is also allowed or even recommended \ud83d\ude42.<\/p><p style=\"text-align: left;\">Winters can sometimes be snowy and cold. In Lapland, temperatures can drop to over -50C degrees. <strong>Activities<\/strong>: In winter you can enjoy the snow, ski and move in nature. On the darkest days of winter, it\u2019s nice to spend time in the HamRadio shack room with electronics and work on HAM Radio.<\/p><\/div><\/div><\/div><div class=\"col-xs-12 col-sm-6 col-md-4\"><div class=\"card no-padding bordered y-move\"><p><img loading=\"lazy\" decoding=\"async\" class=\"alignnone wp-image-1122\" src=\"https:\/\/oh3myi.keep.ovh\/wp-content\/uploads\/2023\/12\/Janakkala-300x169.jpg\" alt=\"\" width=\"409\" height=\"231\" srcset=\"https:\/\/oh3myi.keep.ovh\/wp-content\/uploads\/2023\/12\/Janakkala-300x169.jpg 300w, https:\/\/oh3myi.keep.ovh\/wp-content\/uploads\/2023\/12\/Janakkala-1024x576.jpg 1024w, https:\/\/oh3myi.keep.ovh\/wp-content\/uploads\/2023\/12\/Janakkala-768x432.jpg 768w, https:\/\/oh3myi.keep.ovh\/wp-content\/uploads\/2023\/12\/Janakkala.jpg 1280w\" sizes=\"auto, (max-width: 409px) 100vw, 409px\" \/><\/p><p>OH3MYI \u2013 QTH<\/p><div class=\"col-padding-small col-padding-small-xs description-container\" data-type=\"column\"><p class=\"\" style=\"text-align: left;\">My QTH Janakkala is located in southern Finland about 100 km north of Helsinki.<br \/>\u2013 Commune OHC310<br \/>\u2013 Locator KP20<\/p><\/div><div class=\"col-padding-small col-padding-small-xs read-more-container\" data-type=\"column\">\u00a0<a href=\"https:\/\/www.janakkala.fi\/en\/\" target=\"_blank\" rel=\"noopener\">Read more Janakkala<\/a><\/div><\/div><\/div><div class=\"col-xs-12 col-sm-6 col-md-4\"><div class=\"card no-padding bordered y-move\"><p><img decoding=\"async\" class=\"face\" title=\"cropped-Introducing-EchoLink.png\" src=\"http:\/\/oh3myi.keep.ovh\/wp-content\/uploads\/2019\/09\/cropped-Introducing-EchoLink.png\" alt=\"\" \/><\/p><div class=\"col-padding-small col-padding-small-xs description-container\" data-type=\"column\"><h4 class=\"font-500\">ECHOLINK Gateway<\/h4><ul><li style=\"text-align: left;\">Antenna: X-50 V\/U 5\/8<\/li><li style=\"text-align: left;\">Radio: ICOM IC-32<\/li><li style=\"text-align: left;\">RF out: 5W<\/li><li style=\"text-align: left;\">Call: OH3MYI-L<\/li><li style=\"text-align: left;\">Node: 140003<\/li><li style=\"text-align: left;\">TX\/RX: 145,525 FM<\/li><li style=\"text-align: left;\">Software: [SVX] Link system<\/li><li style=\"text-align: left;\">Computer: RasberryPi 2<\/li><li style=\"text-align: left;\">Model B \/ Os Linux<\/li><\/ul><h4>DMR Radio operation<\/h4><ul><li style=\"text-align: left;\">OH3AA DMR repeater<\/li><li style=\"text-align: left;\">Local network 24433<\/li><li style=\"text-align: left;\">FinDMR<\/li><li style=\"text-align: left;\">FM 434.5875<\/li><\/ul><\/div><div data-type=\"column\">\u00a0<\/div><div class=\"col-padding-small col-padding-small-xs read-more-container\" data-type=\"column\"><a class=\"link\" href=\"http:\/\/www.echolink.org\" target=\"_blank\" rel=\"noopener\" data-cp-link=\"1\">Read more Echolink<\/a><\/div><\/div><\/div><\/div><\/div><\/div><div id=\"content-2\" class=\"content-8-mc content-section content-section-spacing\" style=\"background-color: #ffffff;\" data-label=\"Content\" data-id=\"content-8-mc\" data-export-id=\"content-8-mc\" data-category=\"content\"><div class=\"gridContainer\"><div class=\"row middle-sm\"><div class=\"col-sm-6 space-bottom-xs space-top-xs\" data-type=\"column\"><img decoding=\"async\" class=\"shadow-large\" title=\"cropped-wikimedia_1024px-HF_Base_Station_-arctanx.tk-CC-BY-SA-2.0.jpg\" src=\"http:\/\/oh3myi.keep.ovh\/wp-content\/uploads\/2019\/09\/cropped-wikimedia_1024px-HF_Base_Station_-arctanx.tk-CC-BY-SA-2.0.jpg\" alt=\"\" \/><\/div><div class=\"col-sm-6\" data-type=\"column\"><h2 class=\"\">Old Ham radios:<br \/>FT-7B Yeasu<\/h2><p class=\"\">My first amateur hf radio was Yaesu FT-7 is a rugged, solid state and modular built HF amateur-band radio transceiver, suitable for fixed and for mobile operation. The set was built by the Yaesu Corporation in Japan in the late 1970s and early 1980s. Its first Japanese release was in 1976.<\/p><p class=\"\">Read more about this radio Wikimedia.<\/p><h4><a class=\"button color1\" href=\"https:\/\/en.wikipedia.org\/wiki\/Yaesu_FT-7(B)\" target=\"_blank\" rel=\"noopener\" data-cp-link=\"1\">Wikimedia<\/a><\/h4><\/div><\/div><\/div><\/div><div id=\"cta-1\" class=\"cta-blue-section-mc content-section content-section-spacing le_cocktail white-text\" style=\"background-color: #f5fafd;\" data-label=\"Cta\" data-id=\"cta-blue-section-mc\" data-export-id=\"cta-blue-section-mc\" data-category=\"cta\"><div class=\"gridContainer\"><div class=\"row middle-xs\"><div class=\"col-sm-8 space-bottom-xs\" data-type=\"column\"><h2 class=\"\">DXing Overview \u2013 video<\/h2><p>Old timer W6LG tells about DX working<\/p><\/div><div class=\"col-sm-4 end-sm\" data-type=\"column\"><a class=\"button color2\" href=\"https:\/\/youtu.be\/ypyQXWnCqC0\" target=\"_blank\" rel=\"noopener\" data-cp-link=\"1\">YouTube W6LG <\/a><\/div><\/div><\/div><\/div><div id=\"latest-news-1\" class=\"blog-section-mc blog-section-standard content-section content-section-spacing\" style=\"background-color: #f5fafd;\" data-label=\"Latest-news\" data-id=\"blog-section-mc\" data-export-id=\"blog-section-mc\" data-category=\"latest_news\"><div class=\"gridContainer\"><div class=\"row\"><div class=\"section-title-col\" data-type=\"column\"><h2 class=\"\">Latest from Our Blog to Finnish<\/h2><p class=\"lead\">Blogista l\u00f6ytyy kiinostavia artikkeleita, enimm\u00e4kseen suomen kielell\u00e4.<br \/>Our blog contains interesting articles, mostly in Finnish.<\/p><\/div><\/div><div class=\"row\"><div data-type=\"row\" data-dynamic-columns=\"handled\" data-content-shortcode=\"mesmerize_latest_news posts=\">\t\t<div class=\"row center-sm content-left-sm\">\n\t\t\t\t\t<div id=\"post-1104\" class=\"col-sm-6 col-md-4 space-bottom space-bottom-xs\">\n\t\t\t\t<div class=\"post-content card y-move bordered\">\n\t\t\t\t\t<div class=\"post-thumbnail\">\n   <a href=\"https:\/\/oh3myi.keep.ovh\/index.php\/2023\/04\/08\/winrfcalc-rf-laskentaohjelmisto\/\" class=\"post-list-item-thumb \">\n      <img loading=\"lazy\" decoding=\"async\" width=\"1024\" height=\"463\" src=\"https:\/\/oh3myi.keep.ovh\/wp-content\/uploads\/2023\/04\/windows-rf-calculator-1024x463.jpg\" class=\"attachment-post-thumbnail size-post-thumbnail wp-post-image\" alt=\"\" srcset=\"https:\/\/oh3myi.keep.ovh\/wp-content\/uploads\/2023\/04\/windows-rf-calculator-1024x463.jpg 1024w, https:\/\/oh3myi.keep.ovh\/wp-content\/uploads\/2023\/04\/windows-rf-calculator-300x136.jpg 300w, https:\/\/oh3myi.keep.ovh\/wp-content\/uploads\/2023\/04\/windows-rf-calculator-768x347.jpg 768w, https:\/\/oh3myi.keep.ovh\/wp-content\/uploads\/2023\/04\/windows-rf-calculator.jpg 1047w\" sizes=\"auto, (max-width: 1024px) 100vw, 1024px\" \/>   <\/a>\n<\/div>\n\t\t\t\t\t<div class=\"col-padding col-padding-xs\">\n\t\t\t\t\t\t<h3 class=\"post-title space-bottom-small\">\n\t\t\t\t\t\t\t<a href=\"https:\/\/oh3myi.keep.ovh\/index.php\/2023\/04\/08\/winrfcalc-rf-laskentaohjelmisto\/\" rel=\"bookmark\">\n\t\t\t\t\t\t\t\tWinRFCalc &#8211; RF laskentaohjelmisto\t\t\t\t\t\t\t<\/a>\n\t\t\t\t\t\t<\/h3>\n\t\t\t\t\t\t<p>PC:lle saatavissa eritt\u00e4in monipuolinen RF laskentaohjelmisto joka sis\u00e4lt\u00e4\u00e4 useita erilaisia RF laskentamalleja. WinRFCal ohjelmiston perusversion voi ladata ilmaiseksi, latauksen ja asennuksen j\u00e4lkeen tarvitaan lisenssikoodi joka toimitetaan spostilla rekister\u00f6innin j\u00e4lkeen. Ohjelmasta[&hellip;]<\/p>\n\t\t\t\t\t\t<a class=\"read-more link\" href=\"https:\/\/oh3myi.keep.ovh\/index.php\/2023\/04\/08\/winrfcalc-rf-laskentaohjelmisto\/\">\n\t\t\t\t\t\t\tRead more\t\t\t\t\t\t<\/a>\n\t\t\t\t\t<\/div>\n\t\t\t\t<\/div>\n\t\t\t<\/div>\n\t\t\t\t\t\t<div id=\"post-1082\" class=\"col-sm-6 col-md-4 space-bottom space-bottom-xs\">\n\t\t\t\t<div class=\"post-content card y-move bordered\">\n\t\t\t\t\t<div class=\"post-thumbnail\">\n   <a href=\"https:\/\/oh3myi.keep.ovh\/index.php\/2020\/05\/30\/ariss-contact-to-space-station\/\" class=\"post-list-item-thumb \">\n      <img loading=\"lazy\" decoding=\"async\" width=\"1024\" height=\"653\" src=\"https:\/\/oh3myi.keep.ovh\/wp-content\/uploads\/2020\/05\/International_Space_Station_after_undocking_of_STS-132-1-1024x653.jpg\" class=\"attachment-post-thumbnail size-post-thumbnail wp-post-image\" alt=\"\" srcset=\"https:\/\/oh3myi.keep.ovh\/wp-content\/uploads\/2020\/05\/International_Space_Station_after_undocking_of_STS-132-1-1024x653.jpg 1024w, https:\/\/oh3myi.keep.ovh\/wp-content\/uploads\/2020\/05\/International_Space_Station_after_undocking_of_STS-132-1-300x191.jpg 300w, https:\/\/oh3myi.keep.ovh\/wp-content\/uploads\/2020\/05\/International_Space_Station_after_undocking_of_STS-132-1-768x490.jpg 768w, https:\/\/oh3myi.keep.ovh\/wp-content\/uploads\/2020\/05\/International_Space_Station_after_undocking_of_STS-132-1-1536x979.jpg 1536w, https:\/\/oh3myi.keep.ovh\/wp-content\/uploads\/2020\/05\/International_Space_Station_after_undocking_of_STS-132-1-2048x1306.jpg 2048w, https:\/\/oh3myi.keep.ovh\/wp-content\/uploads\/2020\/05\/International_Space_Station_after_undocking_of_STS-132-1-1694x1080.jpg 1694w\" sizes=\"auto, (max-width: 1024px) 100vw, 1024px\" \/>   <\/a>\n<\/div>\n\t\t\t\t\t<div class=\"col-padding col-padding-xs\">\n\t\t\t\t\t\t<h3 class=\"post-title space-bottom-small\">\n\t\t\t\t\t\t\t<a href=\"https:\/\/oh3myi.keep.ovh\/index.php\/2020\/05\/30\/ariss-contact-to-space-station\/\" rel=\"bookmark\">\n\t\t\t\t\t\t\t\tARISS Contact to space station\t\t\t\t\t\t\t<\/a>\n\t\t\t\t\t\t<\/h3>\n\t\t\t\t\t\t<p>Voiko kansainv\u00e4liselle avaruusasemalle ISS:lle saada yhteyden omalla amat\u00f6\u00f6riradiolla? Asemalla on miehist\u00f6\u00e4 pysyv\u00e4sti ymp\u00e4ri vuoden ja osalla aseman astronauteista on radioamat\u00f6\u00f6rip\u00e4tevyys. He voivat pit\u00e4\u00e4 toisinaan satunnaisia tai sovittuja radioyhteyksi\u00e4 maahan toisten[&hellip;]<\/p>\n\t\t\t\t\t\t<a class=\"read-more link\" href=\"https:\/\/oh3myi.keep.ovh\/index.php\/2020\/05\/30\/ariss-contact-to-space-station\/\">\n\t\t\t\t\t\t\tRead more\t\t\t\t\t\t<\/a>\n\t\t\t\t\t<\/div>\n\t\t\t\t<\/div>\n\t\t\t<\/div>\n\t\t\t\t\t\t<div id=\"post-1032\" class=\"col-sm-6 col-md-4 space-bottom space-bottom-xs\">\n\t\t\t\t<div class=\"post-content card y-move bordered\">\n\t\t\t\t\t<div class=\"post-thumbnail\">\n   <a href=\"https:\/\/oh3myi.keep.ovh\/index.php\/2020\/01\/26\/pilkkuja-auringossa\/\" class=\"post-list-item-thumb \">\n      <img loading=\"lazy\" decoding=\"async\" width=\"1024\" height=\"784\" src=\"https:\/\/oh3myi.keep.ovh\/wp-content\/uploads\/2020\/01\/Sunspot-12-2019-J25-plus--1024x784.jpg\" class=\"attachment-post-thumbnail size-post-thumbnail wp-post-image\" alt=\"SunSpot-Cycle25\" srcset=\"https:\/\/oh3myi.keep.ovh\/wp-content\/uploads\/2020\/01\/Sunspot-12-2019-J25-plus--1024x784.jpg 1024w, https:\/\/oh3myi.keep.ovh\/wp-content\/uploads\/2020\/01\/Sunspot-12-2019-J25-plus--300x230.jpg 300w, https:\/\/oh3myi.keep.ovh\/wp-content\/uploads\/2020\/01\/Sunspot-12-2019-J25-plus--768x588.jpg 768w, https:\/\/oh3myi.keep.ovh\/wp-content\/uploads\/2020\/01\/Sunspot-12-2019-J25-plus-.jpg 1139w\" sizes=\"auto, (max-width: 1024px) 100vw, 1024px\" \/>   <\/a>\n<\/div>\n\t\t\t\t\t<div class=\"col-padding col-padding-xs\">\n\t\t\t\t\t\t<h3 class=\"post-title space-bottom-small\">\n\t\t\t\t\t\t\t<a href=\"https:\/\/oh3myi.keep.ovh\/index.php\/2020\/01\/26\/pilkkuja-auringossa\/\" rel=\"bookmark\">\n\t\t\t\t\t\t\t\tPilkkuja auringossa!\t\t\t\t\t\t\t<\/a>\n\t\t\t\t\t\t<\/h3>\n\t\t\t\t\t\t<p>24. joulukuuta 2019 NASA:n Solar Dynamics Observatory mittasi kaksi uutta auringonpilkkua kummallakin puoliskolla aurinkoa. Miksi n\u00e4iden pilkkujen pit\u00e4isi kiinnostaa meit\u00e4? Auringonpilkkuja esiintyy auringon pinnalla jaksollisisesti n.11 vuoden v\u00e4lein (minimist\u00e4 &#8211;[&hellip;]<\/p>\n\t\t\t\t\t\t<a class=\"read-more link\" href=\"https:\/\/oh3myi.keep.ovh\/index.php\/2020\/01\/26\/pilkkuja-auringossa\/\">\n\t\t\t\t\t\t\tRead more\t\t\t\t\t\t<\/a>\n\t\t\t\t\t<\/div>\n\t\t\t\t<\/div>\n\t\t\t<\/div>\n\t\t\t\t<\/div>\n\t<\/div><\/div><div class=\"row\"><h4 class=\"text-center\"><a class=\"button color1\" href=\"http:\/\/oh3myi.keep.ovh\/index.php\/neve-blog\/\" data-attr-shortcode=\"href:mesmerize_blog_link\">VIEW OUR BLOG<\/a><\/h4><\/div><\/div><\/div>\t\t\t\t\t\t<\/div>\n\t\t\t\t<\/div>\n\t\t\t\t<div class=\"elementor-element elementor-element-805888f elementor-widget elementor-widget-spacer\" data-id=\"805888f\" data-element_type=\"widget\" data-widget_type=\"spacer.default\">\n\t\t\t\t<div class=\"elementor-widget-container\">\n\t\t\t\t\t<div class=\"elementor-spacer\">\n\t\t\t<div class=\"elementor-spacer-inner\"><\/div>\n\t\t<\/div>\n\t\t\t\t<\/div>\n\t\t\t\t<\/div>\n\t\t\t\t<div class=\"elementor-element elementor-element-4eaee0b elementor-widget elementor-widget-text-editor\" data-id=\"4eaee0b\" data-element_type=\"widget\" data-widget_type=\"text-editor.default\">\n\t\t\t\t<div class=\"elementor-widget-container\">\n\t\t\t\t\t\t\t<h3>Please enjoy, here is the Spotify playlist from oh3myi<\/h3>\t\t\t\t\t\t<\/div>\n\t\t\t\t<\/div>\n\t\t\t\t\t<\/div>\n\t\t<\/div>\n\t\t\t\t\t\t\t<\/div>\n\t\t<\/section>\n\t\t\t\t<section class=\"elementor-section elementor-top-section elementor-element elementor-element-e8e3560 elementor-section-boxed elementor-section-height-default elementor-section-height-default\" data-id=\"e8e3560\" data-element_type=\"section\">\n\t\t\t\t\t\t<div class=\"elementor-container elementor-column-gap-default\">\n\t\t\t\t\t<div class=\"elementor-column elementor-col-100 elementor-top-column elementor-element elementor-element-ca1e2cd\" data-id=\"ca1e2cd\" data-element_type=\"column\">\n\t\t\t<div class=\"elementor-widget-wrap elementor-element-populated\">\n\t\t\t\t\t\t\t\t<div class=\"elementor-element elementor-element-e1252c4 elementor-widget elementor-widget-html\" data-id=\"e1252c4\" data-element_type=\"widget\" data-widget_type=\"html.default\">\n\t\t\t\t<div class=\"elementor-widget-container\">\n\t\t\t<iframe loading=\"lazy\" src=\"https:\/\/open.spotify.com\/embed\/playlist\/0YVMVhPWvxLlFMDO7U2uuL\" width=\"300\" height=\"380\" frameborder=\"0\" allowtransparency=\"true\" allow=\"encrypted-media\"><\/iframe>\t\t<\/div>\n\t\t\t\t<\/div>\n\t\t\t\t\t<\/div>\n\t\t<\/div>\n\t\t\t\t\t\t\t<\/div>\n\t\t<\/section>\n\t\t\t\t\t\t\t<\/div>\n\t\t","protected":false},"excerpt":{"rendered":"<p>Summer vs winterSummers are the best time in Finland. You can enjoy a summer day at the beach, on a boat or moving in nature. On the hottest days, temperatures can rise above +35C degrees in southern Finland. Summer nights are bright, in northern Finland the sun does not set behind the horizon at all.&hellip; <br \/> <a class=\"read-more\" href=\"https:\/\/oh3myi.keep.ovh\/index.php\/2020\/01\/26\/pilkkuja-auringossa\/\">Read more<\/a><\/p>\n","protected":false},"author":1,"featured_media":0,"parent":0,"menu_order":0,"comment_status":"closed","ping_status":"closed","template":"","meta":{"footnotes":""},"class_list":["post-649","page","type-page","status-publish","hentry"],"_links":{"self":[{"href":"https:\/\/oh3myi.keep.ovh\/index.php\/wp-json\/wp\/v2\/pages\/649","targetHints":{"allow":["GET"]}}],"collection":[{"href":"https:\/\/oh3myi.keep.ovh\/index.php\/wp-json\/wp\/v2\/pages"}],"about":[{"href":"https:\/\/oh3myi.keep.ovh\/index.php\/wp-json\/wp\/v2\/types\/page"}],"author":[{"embeddable":true,"href":"https:\/\/oh3myi.keep.ovh\/index.php\/wp-json\/wp\/v2\/users\/1"}],"replies":[{"embeddable":true,"href":"https:\/\/oh3myi.keep.ovh\/index.php\/wp-json\/wp\/v2\/comments?post=649"}],"version-history":[{"count":81,"href":"https:\/\/oh3myi.keep.ovh\/index.php\/wp-json\/wp\/v2\/pages\/649\/revisions"}],"predecessor-version":[{"id":1132,"href":"https:\/\/oh3myi.keep.ovh\/index.php\/wp-json\/wp\/v2\/pages\/649\/revisions\/1132"}],"wp:attachment":[{"href":"https:\/\/oh3myi.keep.ovh\/index.php\/wp-json\/wp\/v2\/media?parent=649"}],"curies":[{"name":"wp","href":"https:\/\/api.w.org\/{rel}","templated":true}]}}